{"id":29,"date":"2021-03-27T10:25:52","date_gmt":"2021-03-27T09:25:52","guid":{"rendered":"https:\/\/cabinet-gide.fr\/?page_id=29"},"modified":"2021-12-13T11:12:04","modified_gmt":"2021-12-13T10:12:04","slug":"syndic-gestion","status":"publish","type":"page","link":"https:\/\/cabinet-gide.fr\/index.php\/syndic-gestion\/","title":{"rendered":"SYNDIC"},"content":{"rendered":"<div class=\"fusion-fullwidth fullwidth-box fusion-builder-row-1 fusion-flex-container nonhundred-percent-fullwidth non-hundred-percent-height-scrolling\" style=\"--awb-border-radius-top-left:0px;--awb-border-radius-top-right:0px;--awb-border-radius-bottom-right:0px;--awb-border-radius-bottom-left:0px;--awb-flex-wrap:wrap;\" ><div class=\"fusion-builder-row fusion-row fusion-flex-align-items-flex-start fusion-flex-content-wrap\" style=\"max-width:1248px;margin-left: calc(-4% \/ 2 );margin-right: calc(-4% \/ 2 );\"><div class=\"fusion-layout-column fusion_builder_column fusion-builder-column-0 fusion_builder_column_1_1 1_1 fusion-flex-column\" style=\"--awb-bg-size:cover;--awb-width-large:100%;--awb-margin-top-large:0px;--awb-spacing-right-large:1.92%;--awb-margin-bottom-large:20px;--awb-spacing-left-large:1.92%;--awb-width-medium:100%;--awb-order-medium:0;--awb-spacing-right-medium:1.92%;--awb-spacing-left-medium:1.92%;--awb-width-small:100%;--awb-order-small:0;--awb-spacing-right-small:1.92%;--awb-spacing-left-small:1.92%;\"><div class=\"fusion-column-wrapper fusion-column-has-shadow fusion-flex-justify-content-flex-start fusion-content-layout-column\"><div class=\"fusion-text fusion-text-1\"><h1><span style=\"font-weight: 400;\">Syndic et gestion de copropri\u00e9t\u00e9<\/span><\/h1>\n<p><span style=\"font-weight: 400;\">La gestion d\u2019une <\/span><b>copropri\u00e9t\u00e9<\/b><span style=\"font-weight: 400;\"> implique une <\/span><b>expertise<\/b><span style=\"font-weight: 400;\"> et un <\/span><b>souci des d\u00e9tails <\/b><span style=\"font-weight: 400;\">afin d&rsquo;administrer votre <\/span><b>immeuble <\/b><span style=\"font-weight: 400;\">dans les meilleures conditions. Votre <\/span><b>agence immobili\u00e8re<\/b><span style=\"font-weight: 400;\"> se doit de vous offrir un <\/span><b>service professionnel<\/b><span style=\"font-weight: 400;\"> et <\/span><b>sans aucune surprise<\/b><span style=\"font-weight: 400;\">. C\u2019est pourquoi, confier votre <\/span><b>gestion<\/b><span style=\"font-weight: 400;\"> au <\/span><b>Cabinet GIDE<\/b><span style=\"font-weight: 400;\"> c\u2019est avoir la garantie du <\/span><b>respect de votre budget<\/b><span style=\"font-weight: 400;\">, de la prise en main de tous les aspects <\/span><b>administratifs,<\/b> <b>juridiques<\/b><span style=\"font-weight: 400;\">, <\/span><b>comptables<\/b><span style=\"font-weight: 400;\"> et <\/span><b>techniques<\/b><span style=\"font-weight: 400;\">. Ce sont nos sp\u00e9cialistes <\/span><b>Maxime et Peggy<\/b><span style=\"font-weight: 400;\"> qui, par leur exp\u00e9rience, sauront s\u2019adapter \u00e0 toutes les situations, en totale transparence et pour la meilleure <\/span><b>gestion de votre copropri\u00e9t\u00e9 \u00e0 Strasbourg<\/b><span style=\"font-weight: 400;\">.\u00a0<\/span><\/p>\n<\/div><\/div><\/div><div class=\"fusion-layout-column fusion_builder_column fusion-builder-column-1 fusion_builder_column_1_2 1_2 fusion-flex-column\" style=\"--awb-padding-right:10px;--awb-bg-position:right center;--awb-bg-size:cover;--awb-border-color:#e0dede;--awb-border-right:3px;--awb-border-style:solid;--awb-width-large:50%;--awb-margin-top-large:0px;--awb-spacing-right-large:3.84%;--awb-margin-bottom-large:0px;--awb-spacing-left-large:3.84%;--awb-width-medium:50%;--awb-spacing-right-medium:3.84%;--awb-spacing-left-medium:3.84%;--awb-width-small:100%;--awb-spacing-right-small:1.92%;--awb-spacing-left-small:1.92%;\"><div class=\"fusion-column-wrapper fusion-flex-justify-content-flex-start fusion-content-layout-column\"><div class=\"fusion-image-element \" style=\"--awb-caption-title-font-family:var(--h2_typography-font-family);--awb-caption-title-font-weight:var(--h2_typography-font-weight);--awb-caption-title-font-style:var(--h2_typography-font-style);--awb-caption-title-size:var(--h2_typography-font-size);--awb-caption-title-transform:var(--h2_typography-text-transform);--awb-caption-title-line-height:var(--h2_typography-line-height);--awb-caption-title-letter-spacing:var(--h2_typography-letter-spacing);\"><span class=\" fusion-imageframe imageframe-none imageframe-1 hover-type-none\"><img decoding=\"async\" width=\"1500\" height=\"738\" title=\"\u00a9Accent Visuel-Jean HAEUSSER&#8211;4\" src=\"https:\/\/cabinet-gide.fr\/wp-content\/uploads\/2021\/04\/\u00a9Accent-Visuel-Jean-HAEUSSER-4.jpg\" alt class=\"img-responsive wp-image-146\" srcset=\"https:\/\/cabinet-gide.fr\/wp-content\/uploads\/2021\/04\/\u00a9Accent-Visuel-Jean-HAEUSSER-4-200x98.jpg 200w, https:\/\/cabinet-gide.fr\/wp-content\/uploads\/2021\/04\/\u00a9Accent-Visuel-Jean-HAEUSSER-4-400x197.jpg 400w, https:\/\/cabinet-gide.fr\/wp-content\/uploads\/2021\/04\/\u00a9Accent-Visuel-Jean-HAEUSSER-4-600x295.jpg 600w, https:\/\/cabinet-gide.fr\/wp-content\/uploads\/2021\/04\/\u00a9Accent-Visuel-Jean-HAEUSSER-4-800x394.jpg 800w, https:\/\/cabinet-gide.fr\/wp-content\/uploads\/2021\/04\/\u00a9Accent-Visuel-Jean-HAEUSSER-4-1200x590.jpg 1200w, https:\/\/cabinet-gide.fr\/wp-content\/uploads\/2021\/04\/\u00a9Accent-Visuel-Jean-HAEUSSER-4.jpg 1500w\" sizes=\"(max-width: 640px) 100vw, 600px\" \/><\/span><\/div><div class=\"fusion-text fusion-text-2\"><h2><span style=\"font-weight: 400;\">Maxime Py\u00a0<\/span><\/h2>\n<p><span style=\"font-weight: 400;\">On ne compte plus le nombre d\u2019immeubles que <\/span><b>Maxime Py<\/b><span style=\"font-weight: 400;\"> a pu g\u00e9rer. Votre principal contact pour tout ce qui concerne la <\/span><b>gestion des syndics et copropri\u00e9t\u00e9s \u00e0 Strasbourg<\/b><span style=\"font-weight: 400;\"> est soucieux d\u2019un travail rigoureux, transparent et d\u2019un accompagnement aux petits soins.<\/span><\/p>\n<\/div><div class=\"fusion-text fusion-text-3\"><p><span style=\"font-weight: 400;\">Maxime Py<\/span><\/p>\n<p><span style=\"font-weight: 400;\">T\u00e9l\u00e9phone : 03 88 56 45 90<\/span><\/p>\n<p><span style=\"font-weight: 400;\">Mails : <\/span><a href=\"mailto:contact@cabinet-gide.fr\"><span style=\"font-weight: 400;\">contact@cabinet-gide.fr<\/span><\/a><span style=\"font-weight: 400;\"> \/ <\/span><a href=\"mailto:m.py@cabinet-gide.fr\"><span style=\"font-weight: 400;\">m.py@cabinet-gide.fr<\/span><\/a><\/p>\n<\/div><\/div><\/div><div class=\"fusion-layout-column fusion_builder_column fusion-builder-column-2 fusion_builder_column_1_2 1_2 fusion-flex-column\" style=\"--awb-padding-right:10px;--awb-bg-position:right center;--awb-bg-size:cover;--awb-border-color:#e0dede;--awb-border-right:3px;--awb-border-style:solid;--awb-width-large:50%;--awb-margin-top-large:0px;--awb-spacing-right-large:3.84%;--awb-margin-bottom-large:0px;--awb-spacing-left-large:3.84%;--awb-width-medium:50%;--awb-spacing-right-medium:3.84%;--awb-spacing-left-medium:3.84%;--awb-width-small:100%;--awb-spacing-right-small:1.92%;--awb-spacing-left-small:1.92%;\"><div class=\"fusion-column-wrapper fusion-flex-justify-content-flex-start fusion-content-layout-column\"><div class=\"fusion-image-element \" style=\"--awb-caption-title-font-family:var(--h2_typography-font-family);--awb-caption-title-font-weight:var(--h2_typography-font-weight);--awb-caption-title-font-style:var(--h2_typography-font-style);--awb-caption-title-size:var(--h2_typography-font-size);--awb-caption-title-transform:var(--h2_typography-text-transform);--awb-caption-title-line-height:var(--h2_typography-line-height);--awb-caption-title-letter-spacing:var(--h2_typography-letter-spacing);\"><span class=\" fusion-imageframe imageframe-none imageframe-2 hover-type-none\"><img decoding=\"async\" width=\"1500\" height=\"738\" title=\"\u00a9Accent Visuel-Jean HAEUSSER&#8211;24\" src=\"https:\/\/cabinet-gide.fr\/wp-content\/uploads\/2021\/04\/\u00a9Accent-Visuel-Jean-HAEUSSER-24.jpg\" alt class=\"img-responsive wp-image-167\" srcset=\"https:\/\/cabinet-gide.fr\/wp-content\/uploads\/2021\/04\/\u00a9Accent-Visuel-Jean-HAEUSSER-24-200x98.jpg 200w, https:\/\/cabinet-gide.fr\/wp-content\/uploads\/2021\/04\/\u00a9Accent-Visuel-Jean-HAEUSSER-24-400x197.jpg 400w, https:\/\/cabinet-gide.fr\/wp-content\/uploads\/2021\/04\/\u00a9Accent-Visuel-Jean-HAEUSSER-24-600x295.jpg 600w, https:\/\/cabinet-gide.fr\/wp-content\/uploads\/2021\/04\/\u00a9Accent-Visuel-Jean-HAEUSSER-24-800x394.jpg 800w, https:\/\/cabinet-gide.fr\/wp-content\/uploads\/2021\/04\/\u00a9Accent-Visuel-Jean-HAEUSSER-24-1200x590.jpg 1200w, https:\/\/cabinet-gide.fr\/wp-content\/uploads\/2021\/04\/\u00a9Accent-Visuel-Jean-HAEUSSER-24.jpg 1500w\" sizes=\"(max-width: 640px) 100vw, 600px\" \/><\/span><\/div><div class=\"fusion-text fusion-text-4\"><h2><span style=\"font-weight: 400;\">Peggy Lorentz\u00a0<\/span><\/h2>\n<p><span style=\"font-weight: 400;\">Peggy est la <\/span><b>gestionnaire attitr\u00e9e pour le Cabinet GIDE<\/b><span style=\"font-weight: 400;\">. Aucun d\u00e9tail ne lui \u00e9chappe. Elle saura vous <\/span><b>conseiller<\/b><span style=\"font-weight: 400;\"> au quotidien et <\/span><b>g\u00e9rer <\/b><span style=\"font-weight: 400;\">parfaitement tous les dossiers de <\/span><b>gestion de copropri\u00e9t\u00e9<\/b><span style=\"font-weight: 400;\">.<\/span><\/p>\n<\/div><div class=\"fusion-text fusion-text-5\"><p><span style=\"font-weight: 400;\">Peggy LORENTZ<\/span><\/p>\n<p><span style=\"font-weight: 400;\">Gestionnaire locative &amp; comptabilit\u00e9<\/span><\/p>\n<p><span style=\"font-weight: 400;\">T\u00e9l\u00e9phone : 03 88 56 40 95<\/span><\/p>\n<p><span style=\"font-weight: 400;\">Mail : p.lorentz@cabinet-gide.fr<\/span><\/p>\n<\/div><\/div><\/div><\/div><\/div>\n","protected":false},"excerpt":{"rendered":"","protected":false},"author":1,"featured_media":0,"parent":0,"menu_order":0,"comment_status":"closed","ping_status":"closed","template":"","meta":{"footnotes":""},"class_list":["post-29","page","type-page","status-publish","hentry"],"yoast_head":"<!-- This site is optimized with the Yoast SEO plugin v27.4 - https:\/\/yoast.com\/product\/yoast-seo-wordpress\/ -->\n<title>SYNDIC - Cabinet Gide<\/title>\n<meta name=\"description\" content=\"Cabinet Gide vous garantit expertise et transparence pour une gestion optimale votre syndic et copropri\u00e9t\u00e9 \u00e0 Strasbourg.\" \/>\n<meta name=\"robots\" content=\"index, follow, max-snippet:-1, max-image-preview:large, max-video-preview:-1\" \/>\n<link rel=\"canonical\" href=\"https:\/\/cabinet-gide.fr\/index.php\/syndic-gestion\/\" \/>\n<meta property=\"og:locale\" content=\"fr_FR\" \/>\n<meta property=\"og:type\" content=\"article\" \/>\n<meta property=\"og:title\" content=\"SYNDIC - Cabinet Gide\" \/>\n<meta property=\"og:description\" content=\"Cabinet Gide vous garantit expertise et transparence pour une gestion optimale votre syndic et copropri\u00e9t\u00e9 \u00e0 Strasbourg.\" \/>\n<meta property=\"og:url\" content=\"https:\/\/cabinet-gide.fr\/index.php\/syndic-gestion\/\" \/>\n<meta property=\"og:site_name\" content=\"Cabinet Gide\" \/>\n<meta property=\"article:modified_time\" content=\"2021-12-13T10:12:04+00:00\" \/>\n<meta name=\"twitter:card\" content=\"summary_large_image\" \/>\n<meta name=\"twitter:label1\" content=\"Dur\u00e9e de lecture estim\u00e9e\" \/>\n\t<meta name=\"twitter:data1\" content=\"3 minutes\" \/>\n<script type=\"application\/ld+json\" class=\"yoast-schema-graph\">{\"@context\":\"https:\\\/\\\/schema.org\",\"@graph\":[{\"@type\":\"WebPage\",\"@id\":\"https:\\\/\\\/cabinet-gide.fr\\\/index.php\\\/syndic-gestion\\\/\",\"url\":\"https:\\\/\\\/cabinet-gide.fr\\\/index.php\\\/syndic-gestion\\\/\",\"name\":\"SYNDIC - Cabinet Gide\",\"isPartOf\":{\"@id\":\"https:\\\/\\\/cabinet-gide.fr\\\/#website\"},\"datePublished\":\"2021-03-27T09:25:52+00:00\",\"dateModified\":\"2021-12-13T10:12:04+00:00\",\"description\":\"Cabinet Gide vous garantit expertise et transparence pour une gestion optimale votre syndic et copropri\u00e9t\u00e9 \u00e0 Strasbourg.\",\"breadcrumb\":{\"@id\":\"https:\\\/\\\/cabinet-gide.fr\\\/index.php\\\/syndic-gestion\\\/#breadcrumb\"},\"inLanguage\":\"fr-FR\",\"potentialAction\":[{\"@type\":\"ReadAction\",\"target\":[\"https:\\\/\\\/cabinet-gide.fr\\\/index.php\\\/syndic-gestion\\\/\"]}]},{\"@type\":\"BreadcrumbList\",\"@id\":\"https:\\\/\\\/cabinet-gide.fr\\\/index.php\\\/syndic-gestion\\\/#breadcrumb\",\"itemListElement\":[{\"@type\":\"ListItem\",\"position\":1,\"name\":\"Home\",\"item\":\"https:\\\/\\\/cabinet-gide.fr\\\/\"},{\"@type\":\"ListItem\",\"position\":2,\"name\":\"SYNDIC\"}]},{\"@type\":\"WebSite\",\"@id\":\"https:\\\/\\\/cabinet-gide.fr\\\/#website\",\"url\":\"https:\\\/\\\/cabinet-gide.fr\\\/\",\"name\":\"Cabinet Gide\",\"description\":\"le cabinet Gide vous accompagne dans la gestion et dans la transaction de vos biens immobiliers\",\"publisher\":{\"@id\":\"https:\\\/\\\/cabinet-gide.fr\\\/#organization\"},\"potentialAction\":[{\"@type\":\"SearchAction\",\"target\":{\"@type\":\"EntryPoint\",\"urlTemplate\":\"https:\\\/\\\/cabinet-gide.fr\\\/?s={search_term_string}\"},\"query-input\":{\"@type\":\"PropertyValueSpecification\",\"valueRequired\":true,\"valueName\":\"search_term_string\"}}],\"inLanguage\":\"fr-FR\"},{\"@type\":\"Organization\",\"@id\":\"https:\\\/\\\/cabinet-gide.fr\\\/#organization\",\"name\":\"Gide Gestion immobili\u00e8re de l'Est\",\"url\":\"https:\\\/\\\/cabinet-gide.fr\\\/\",\"logo\":{\"@type\":\"ImageObject\",\"inLanguage\":\"fr-FR\",\"@id\":\"https:\\\/\\\/cabinet-gide.fr\\\/#\\\/schema\\\/logo\\\/image\\\/\",\"url\":\"https:\\\/\\\/cabinet-gide.fr\\\/wp-content\\\/uploads\\\/2021\\\/06\\\/logo_rvb_horizontal-200.png\",\"contentUrl\":\"https:\\\/\\\/cabinet-gide.fr\\\/wp-content\\\/uploads\\\/2021\\\/06\\\/logo_rvb_horizontal-200.png\",\"width\":200,\"height\":59,\"caption\":\"Gide Gestion immobili\u00e8re de l'Est\"},\"image\":{\"@id\":\"https:\\\/\\\/cabinet-gide.fr\\\/#\\\/schema\\\/logo\\\/image\\\/\"}}]}<\/script>\n<!-- \/ Yoast SEO plugin. -->","yoast_head_json":{"title":"SYNDIC - Cabinet Gide","description":"Cabinet Gide vous garantit expertise et transparence pour une gestion optimale votre syndic et copropri\u00e9t\u00e9 \u00e0 Strasbourg.","robots":{"index":"index","follow":"follow","max-snippet":"max-snippet:-1","max-image-preview":"max-image-preview:large","max-video-preview":"max-video-preview:-1"},"canonical":"https:\/\/cabinet-gide.fr\/index.php\/syndic-gestion\/","og_locale":"fr_FR","og_type":"article","og_title":"SYNDIC - Cabinet Gide","og_description":"Cabinet Gide vous garantit expertise et transparence pour une gestion optimale votre syndic et copropri\u00e9t\u00e9 \u00e0 Strasbourg.","og_url":"https:\/\/cabinet-gide.fr\/index.php\/syndic-gestion\/","og_site_name":"Cabinet Gide","article_modified_time":"2021-12-13T10:12:04+00:00","twitter_card":"summary_large_image","twitter_misc":{"Dur\u00e9e de lecture estim\u00e9e":"3 minutes"},"schema":{"@context":"https:\/\/schema.org","@graph":[{"@type":"WebPage","@id":"https:\/\/cabinet-gide.fr\/index.php\/syndic-gestion\/","url":"https:\/\/cabinet-gide.fr\/index.php\/syndic-gestion\/","name":"SYNDIC - Cabinet Gide","isPartOf":{"@id":"https:\/\/cabinet-gide.fr\/#website"},"datePublished":"2021-03-27T09:25:52+00:00","dateModified":"2021-12-13T10:12:04+00:00","description":"Cabinet Gide vous garantit expertise et transparence pour une gestion optimale votre syndic et copropri\u00e9t\u00e9 \u00e0 Strasbourg.","breadcrumb":{"@id":"https:\/\/cabinet-gide.fr\/index.php\/syndic-gestion\/#breadcrumb"},"inLanguage":"fr-FR","potentialAction":[{"@type":"ReadAction","target":["https:\/\/cabinet-gide.fr\/index.php\/syndic-gestion\/"]}]},{"@type":"BreadcrumbList","@id":"https:\/\/cabinet-gide.fr\/index.php\/syndic-gestion\/#breadcrumb","itemListElement":[{"@type":"ListItem","position":1,"name":"Home","item":"https:\/\/cabinet-gide.fr\/"},{"@type":"ListItem","position":2,"name":"SYNDIC"}]},{"@type":"WebSite","@id":"https:\/\/cabinet-gide.fr\/#website","url":"https:\/\/cabinet-gide.fr\/","name":"Cabinet Gide","description":"le cabinet Gide vous accompagne dans la gestion et dans la transaction de vos biens immobiliers","publisher":{"@id":"https:\/\/cabinet-gide.fr\/#organization"},"potentialAction":[{"@type":"SearchAction","target":{"@type":"EntryPoint","urlTemplate":"https:\/\/cabinet-gide.fr\/?s={search_term_string}"},"query-input":{"@type":"PropertyValueSpecification","valueRequired":true,"valueName":"search_term_string"}}],"inLanguage":"fr-FR"},{"@type":"Organization","@id":"https:\/\/cabinet-gide.fr\/#organization","name":"Gide Gestion immobili\u00e8re de l'Est","url":"https:\/\/cabinet-gide.fr\/","logo":{"@type":"ImageObject","inLanguage":"fr-FR","@id":"https:\/\/cabinet-gide.fr\/#\/schema\/logo\/image\/","url":"https:\/\/cabinet-gide.fr\/wp-content\/uploads\/2021\/06\/logo_rvb_horizontal-200.png","contentUrl":"https:\/\/cabinet-gide.fr\/wp-content\/uploads\/2021\/06\/logo_rvb_horizontal-200.png","width":200,"height":59,"caption":"Gide Gestion immobili\u00e8re de l'Est"},"image":{"@id":"https:\/\/cabinet-gide.fr\/#\/schema\/logo\/image\/"}}]}},"_links":{"self":[{"href":"https:\/\/cabinet-gide.fr\/index.php\/wp-json\/wp\/v2\/pages\/29","targetHints":{"allow":["GET"]}}],"collection":[{"href":"https:\/\/cabinet-gide.fr\/index.php\/wp-json\/wp\/v2\/pages"}],"about":[{"href":"https:\/\/cabinet-gide.fr\/index.php\/wp-json\/wp\/v2\/types\/page"}],"author":[{"embeddable":true,"href":"https:\/\/cabinet-gide.fr\/index.php\/wp-json\/wp\/v2\/users\/1"}],"replies":[{"embeddable":true,"href":"https:\/\/cabinet-gide.fr\/index.php\/wp-json\/wp\/v2\/comments?post=29"}],"version-history":[{"count":18,"href":"https:\/\/cabinet-gide.fr\/index.php\/wp-json\/wp\/v2\/pages\/29\/revisions"}],"predecessor-version":[{"id":1860,"href":"https:\/\/cabinet-gide.fr\/index.php\/wp-json\/wp\/v2\/pages\/29\/revisions\/1860"}],"wp:attachment":[{"href":"https:\/\/cabinet-gide.fr\/index.php\/wp-json\/wp\/v2\/media?parent=29"}],"curies":[{"name":"wp","href":"https:\/\/api.w.org\/{rel}","templated":true}]}}