{"id":322,"date":"2021-04-04T10:00:08","date_gmt":"2021-04-04T08:00:08","guid":{"rendered":"https:\/\/cabinet-gide.fr\/?page_id=322"},"modified":"2021-04-04T10:00:46","modified_gmt":"2021-04-04T08:00:46","slug":"mentions-legales","status":"publish","type":"page","link":"https:\/\/cabinet-gide.fr\/index.php\/mentions-legales\/","title":{"rendered":"Mentions l\u00e9gales"},"content":{"rendered":"<div class=\"fusion-fullwidth fullwidth-box fusion-builder-row-1 fusion-flex-container nonhundred-percent-fullwidth non-hundred-percent-height-scrolling\" style=\"--awb-border-radius-top-left:0px;--awb-border-radius-top-right:0px;--awb-border-radius-bottom-right:0px;--awb-border-radius-bottom-left:0px;--awb-flex-wrap:wrap;\" ><div class=\"fusion-builder-row fusion-row fusion-flex-align-items-flex-start fusion-flex-content-wrap\" style=\"max-width:1248px;margin-left: calc(-4% \/ 2 );margin-right: calc(-4% \/ 2 );\"><div class=\"fusion-layout-column fusion_builder_column fusion-builder-column-0 fusion_builder_column_1_1 1_1 fusion-flex-column\" style=\"--awb-bg-size:cover;--awb-width-large:100%;--awb-margin-top-large:0px;--awb-spacing-right-large:1.92%;--awb-margin-bottom-large:20px;--awb-spacing-left-large:1.92%;--awb-width-medium:100%;--awb-order-medium:0;--awb-spacing-right-medium:1.92%;--awb-spacing-left-medium:1.92%;--awb-width-small:100%;--awb-order-small:0;--awb-spacing-right-small:1.92%;--awb-spacing-left-small:1.92%;\"><div class=\"fusion-column-wrapper fusion-column-has-shadow fusion-flex-justify-content-flex-start fusion-content-layout-column\"><div class=\"fusion-text fusion-text-1\"><h3>H\u00e9bergement du site<\/h3>\n<p>OVH France<\/p>\n<h3>Identification<\/h3>\n<p>Raison sociale : GESTION IMMOBILIERE DE L\u2019EST<br \/>\nCapital social : 8 000 euros<br \/>\nConvention collective IDCC 3090<br \/>\nCode NAF 6832 A<\/p>\n<p>Num\u00e9ro Siret : \u00a0432\u00a0404\u00a0556\u00a0000 32<br \/>\nForme juridique : SARL<br \/>\nAdresse : <strong>7, rue du Parc 67205 OBERHAUSBERGEN<\/strong><\/p>\n<p>T\u00e9l :\u00a0<strong>03.88.56.45.90<\/strong>\u00a0ou\u00a0<strong>03.88.56.40.95<\/strong><br \/>\nFax : 03.88.56.29.51<\/p>\n<p>Le nom du directeur ou du codirecteur de la publication et, le cas \u00e9ch\u00e9ant, celui du responsable de la r\u00e9daction est\u00a0<strong>Maxime PY<\/strong><\/p>\n<h3>Traitement des donn\u00e9es<\/h3>\n<p>Les informations qui concernent l&rsquo;usager et qui sont collect\u00e9es sur le site sont indispensables pour r\u00e9pondre \u00e0 ses demandes (information, prise de rendez-vous, usage d&rsquo;un forum etc) et ainsi mieux proposer l&rsquo;ensemble des services du site. Conform\u00e9ment aux articles 39 et suivants de la loi n\u00b0 78-17 du 6 janvier 1978 relative \u00e0 l\u2019informatique, aux fichiers et aux libert\u00e9s, toute personne peut obtenir communication et, le cas \u00e9ch\u00e9ant, rectification ou suppression des informations la concernant, en s\u2019adressant a l&rsquo;\u00e9diteur de contenu (toutes les coordonn\u00e9es figurants ci-dessus: adresse\/courriel).Ces donn\u00e9es ne seront en aucun cas communiqu\u00e9es \u00e0 des tiers sans consentement pr\u00e9alable de l&rsquo;usager et elles sont exclusivement destin\u00e9es \u00e0 l\u2019\u00e9diteur du site, \u00e0 ses filiales et aux membres de son r\u00e9seau commercial, \u00e0 des fins d&rsquo;enqu\u00eate, d&rsquo;analyses, d&rsquo;op\u00e9rations commerciales et de marketing.Pour toute information suppl\u00e9mentaire sur la protection des donn\u00e9es personnelles, nous vous invitons \u00e0 consulter le site de la Commission Informatique et Libert\u00e9. (<a href=\"https:\/\/web.archive.org\/web\/20191228221635\/http:\/\/www.cnil.fr\/\">http:\/\/www.cnil.fr<\/a>).<\/p>\n<h3>Propri\u00e9t\u00e9 intellectuelle<\/h3>\n<p>Les photographies, textes, slogans, dessins, images, s\u00e9quences anim\u00e9es sonores ou non ainsi que toutes les oeuvres int\u00e9gr\u00e9s dans le site sont la propri\u00e9t\u00e9 de l\u2019\u00e9diteur du site ou de tiers ayant autoris\u00e9 l\u2019\u00e9diteur du site \u00e0 les utiliser. Toute reproduction totale ou partielle de ces \u00e9l\u00e9ments sans l&rsquo;autorisation expresse de l&rsquo;exploitant du site Internet ou de ses ayant-droit est prohib\u00e9e, au sens de l&rsquo;article L713-2 du CPI.<\/p>\n<h3>D\u00e9charge<\/h3>\n<p>L&rsquo;utilisateur utilise le site \u00e0 ses seuls risques et dans le respect des lois applicables. En aucun cas l\u2019\u00e9diteur du site ne pourra \u00eatre tenu responsable des dommages directs ou indirects, et notamment pr\u00e9judice mat\u00e9riel, perte de donn\u00e9es ou de programme, pr\u00e9judice financier, r\u00e9sultant de l&rsquo;acc\u00e8s ou de l&rsquo;utilisation de ce site ou de tous sites qui lui sont li\u00e9s. Le contenu du site est pr\u00e9sent\u00e9 sans aucune garantie de quelque nature que ce soit.<\/p>\n<h3>Conditions de services<\/h3>\n<p>Ce site est optimis\u00e9 les navigateurs r\u00e9cents.<\/p>\n<h3>Cookies<\/h3>\n<p>Le site\u00a0<a href=\"https:\/\/web.archive.org\/web\/20191228221635\/http:\/\/www.cabinet-gide.fr\/\">www.cabinet-gide.fr<\/a>\u00a0ne laissera pas de cookie sur votre ordinateur.<\/p>\n<\/div><\/div><\/div><\/div><\/div>\n","protected":false},"excerpt":{"rendered":"","protected":false},"author":1,"featured_media":0,"parent":0,"menu_order":0,"comment_status":"closed","ping_status":"closed","template":"","meta":{"footnotes":""},"class_list":["post-322","page","type-page","status-publish","hentry"],"yoast_head":"<!-- This site is optimized with the Yoast SEO plugin v27.4 - https:\/\/yoast.com\/product\/yoast-seo-wordpress\/ -->\n<title>Mentions l\u00e9gales - Cabinet Gide<\/title>\n<meta name=\"robots\" content=\"index, follow, max-snippet:-1, max-image-preview:large, max-video-preview:-1\" \/>\n<link rel=\"canonical\" href=\"https:\/\/cabinet-gide.fr\/index.php\/mentions-legales\/\" \/>\n<meta property=\"og:locale\" content=\"fr_FR\" \/>\n<meta property=\"og:type\" content=\"article\" \/>\n<meta property=\"og:title\" content=\"Mentions l\u00e9gales - Cabinet Gide\" \/>\n<meta property=\"og:url\" content=\"https:\/\/cabinet-gide.fr\/index.php\/mentions-legales\/\" \/>\n<meta property=\"og:site_name\" content=\"Cabinet Gide\" \/>\n<meta property=\"article:modified_time\" content=\"2021-04-04T08:00:46+00:00\" \/>\n<meta name=\"twitter:card\" content=\"summary_large_image\" \/>\n<meta name=\"twitter:label1\" content=\"Dur\u00e9e de lecture estim\u00e9e\" \/>\n\t<meta name=\"twitter:data1\" content=\"5 minutes\" \/>\n<script type=\"application\/ld+json\" class=\"yoast-schema-graph\">{\"@context\":\"https:\\\/\\\/schema.org\",\"@graph\":[{\"@type\":\"WebPage\",\"@id\":\"https:\\\/\\\/cabinet-gide.fr\\\/index.php\\\/mentions-legales\\\/\",\"url\":\"https:\\\/\\\/cabinet-gide.fr\\\/index.php\\\/mentions-legales\\\/\",\"name\":\"Mentions l\u00e9gales - Cabinet Gide\",\"isPartOf\":{\"@id\":\"https:\\\/\\\/cabinet-gide.fr\\\/#website\"},\"datePublished\":\"2021-04-04T08:00:08+00:00\",\"dateModified\":\"2021-04-04T08:00:46+00:00\",\"breadcrumb\":{\"@id\":\"https:\\\/\\\/cabinet-gide.fr\\\/index.php\\\/mentions-legales\\\/#breadcrumb\"},\"inLanguage\":\"fr-FR\",\"potentialAction\":[{\"@type\":\"ReadAction\",\"target\":[\"https:\\\/\\\/cabinet-gide.fr\\\/index.php\\\/mentions-legales\\\/\"]}]},{\"@type\":\"BreadcrumbList\",\"@id\":\"https:\\\/\\\/cabinet-gide.fr\\\/index.php\\\/mentions-legales\\\/#breadcrumb\",\"itemListElement\":[{\"@type\":\"ListItem\",\"position\":1,\"name\":\"Home\",\"item\":\"https:\\\/\\\/cabinet-gide.fr\\\/\"},{\"@type\":\"ListItem\",\"position\":2,\"name\":\"Mentions l\u00e9gales\"}]},{\"@type\":\"WebSite\",\"@id\":\"https:\\\/\\\/cabinet-gide.fr\\\/#website\",\"url\":\"https:\\\/\\\/cabinet-gide.fr\\\/\",\"name\":\"Cabinet Gide\",\"description\":\"le cabinet Gide vous accompagne dans la gestion et dans la transaction de vos biens immobiliers\",\"publisher\":{\"@id\":\"https:\\\/\\\/cabinet-gide.fr\\\/#organization\"},\"potentialAction\":[{\"@type\":\"SearchAction\",\"target\":{\"@type\":\"EntryPoint\",\"urlTemplate\":\"https:\\\/\\\/cabinet-gide.fr\\\/?s={search_term_string}\"},\"query-input\":{\"@type\":\"PropertyValueSpecification\",\"valueRequired\":true,\"valueName\":\"search_term_string\"}}],\"inLanguage\":\"fr-FR\"},{\"@type\":\"Organization\",\"@id\":\"https:\\\/\\\/cabinet-gide.fr\\\/#organization\",\"name\":\"Gide Gestion immobili\u00e8re de l'Est\",\"url\":\"https:\\\/\\\/cabinet-gide.fr\\\/\",\"logo\":{\"@type\":\"ImageObject\",\"inLanguage\":\"fr-FR\",\"@id\":\"https:\\\/\\\/cabinet-gide.fr\\\/#\\\/schema\\\/logo\\\/image\\\/\",\"url\":\"https:\\\/\\\/cabinet-gide.fr\\\/wp-content\\\/uploads\\\/2021\\\/06\\\/logo_rvb_horizontal-200.png\",\"contentUrl\":\"https:\\\/\\\/cabinet-gide.fr\\\/wp-content\\\/uploads\\\/2021\\\/06\\\/logo_rvb_horizontal-200.png\",\"width\":200,\"height\":59,\"caption\":\"Gide Gestion immobili\u00e8re de l'Est\"},\"image\":{\"@id\":\"https:\\\/\\\/cabinet-gide.fr\\\/#\\\/schema\\\/logo\\\/image\\\/\"}}]}<\/script>\n<!-- \/ Yoast SEO plugin. -->","yoast_head_json":{"title":"Mentions l\u00e9gales - Cabinet Gide","robots":{"index":"index","follow":"follow","max-snippet":"max-snippet:-1","max-image-preview":"max-image-preview:large","max-video-preview":"max-video-preview:-1"},"canonical":"https:\/\/cabinet-gide.fr\/index.php\/mentions-legales\/","og_locale":"fr_FR","og_type":"article","og_title":"Mentions l\u00e9gales - Cabinet Gide","og_url":"https:\/\/cabinet-gide.fr\/index.php\/mentions-legales\/","og_site_name":"Cabinet Gide","article_modified_time":"2021-04-04T08:00:46+00:00","twitter_card":"summary_large_image","twitter_misc":{"Dur\u00e9e de lecture estim\u00e9e":"5 minutes"},"schema":{"@context":"https:\/\/schema.org","@graph":[{"@type":"WebPage","@id":"https:\/\/cabinet-gide.fr\/index.php\/mentions-legales\/","url":"https:\/\/cabinet-gide.fr\/index.php\/mentions-legales\/","name":"Mentions l\u00e9gales - Cabinet Gide","isPartOf":{"@id":"https:\/\/cabinet-gide.fr\/#website"},"datePublished":"2021-04-04T08:00:08+00:00","dateModified":"2021-04-04T08:00:46+00:00","breadcrumb":{"@id":"https:\/\/cabinet-gide.fr\/index.php\/mentions-legales\/#breadcrumb"},"inLanguage":"fr-FR","potentialAction":[{"@type":"ReadAction","target":["https:\/\/cabinet-gide.fr\/index.php\/mentions-legales\/"]}]},{"@type":"BreadcrumbList","@id":"https:\/\/cabinet-gide.fr\/index.php\/mentions-legales\/#breadcrumb","itemListElement":[{"@type":"ListItem","position":1,"name":"Home","item":"https:\/\/cabinet-gide.fr\/"},{"@type":"ListItem","position":2,"name":"Mentions l\u00e9gales"}]},{"@type":"WebSite","@id":"https:\/\/cabinet-gide.fr\/#website","url":"https:\/\/cabinet-gide.fr\/","name":"Cabinet Gide","description":"le cabinet Gide vous accompagne dans la gestion et dans la transaction de vos biens immobiliers","publisher":{"@id":"https:\/\/cabinet-gide.fr\/#organization"},"potentialAction":[{"@type":"SearchAction","target":{"@type":"EntryPoint","urlTemplate":"https:\/\/cabinet-gide.fr\/?s={search_term_string}"},"query-input":{"@type":"PropertyValueSpecification","valueRequired":true,"valueName":"search_term_string"}}],"inLanguage":"fr-FR"},{"@type":"Organization","@id":"https:\/\/cabinet-gide.fr\/#organization","name":"Gide Gestion immobili\u00e8re de l'Est","url":"https:\/\/cabinet-gide.fr\/","logo":{"@type":"ImageObject","inLanguage":"fr-FR","@id":"https:\/\/cabinet-gide.fr\/#\/schema\/logo\/image\/","url":"https:\/\/cabinet-gide.fr\/wp-content\/uploads\/2021\/06\/logo_rvb_horizontal-200.png","contentUrl":"https:\/\/cabinet-gide.fr\/wp-content\/uploads\/2021\/06\/logo_rvb_horizontal-200.png","width":200,"height":59,"caption":"Gide Gestion immobili\u00e8re de l'Est"},"image":{"@id":"https:\/\/cabinet-gide.fr\/#\/schema\/logo\/image\/"}}]}},"_links":{"self":[{"href":"https:\/\/cabinet-gide.fr\/index.php\/wp-json\/wp\/v2\/pages\/322","targetHints":{"allow":["GET"]}}],"collection":[{"href":"https:\/\/cabinet-gide.fr\/index.php\/wp-json\/wp\/v2\/pages"}],"about":[{"href":"https:\/\/cabinet-gide.fr\/index.php\/wp-json\/wp\/v2\/types\/page"}],"author":[{"embeddable":true,"href":"https:\/\/cabinet-gide.fr\/index.php\/wp-json\/wp\/v2\/users\/1"}],"replies":[{"embeddable":true,"href":"https:\/\/cabinet-gide.fr\/index.php\/wp-json\/wp\/v2\/comments?post=322"}],"version-history":[{"count":1,"href":"https:\/\/cabinet-gide.fr\/index.php\/wp-json\/wp\/v2\/pages\/322\/revisions"}],"predecessor-version":[{"id":323,"href":"https:\/\/cabinet-gide.fr\/index.php\/wp-json\/wp\/v2\/pages\/322\/revisions\/323"}],"wp:attachment":[{"href":"https:\/\/cabinet-gide.fr\/index.php\/wp-json\/wp\/v2\/media?parent=322"}],"curies":[{"name":"wp","href":"https:\/\/api.w.org\/{rel}","templated":true}]}}