{"id":47,"date":"2021-03-27T10:27:44","date_gmt":"2021-03-27T09:27:44","guid":{"rendered":"https:\/\/cabinet-gide.fr\/?page_id=47"},"modified":"2021-06-22T11:56:04","modified_gmt":"2021-06-22T09:56:04","slug":"calculatrice-financiere","status":"publish","type":"page","link":"https:\/\/cabinet-gide.fr\/index.php\/calculatrice-financiere\/","title":{"rendered":"Calculatrice financi\u00e8re"},"content":{"rendered":"<div class=\"fusion-fullwidth fullwidth-box fusion-builder-row-1 fusion-flex-container nonhundred-percent-fullwidth non-hundred-percent-height-scrolling\" style=\"--awb-border-radius-top-left:0px;--awb-border-radius-top-right:0px;--awb-border-radius-bottom-right:0px;--awb-border-radius-bottom-left:0px;--awb-flex-wrap:wrap;\" ><div class=\"fusion-builder-row fusion-row fusion-flex-align-items-flex-start fusion-flex-content-wrap\" style=\"max-width:1248px;margin-left: calc(-4% \/ 2 );margin-right: calc(-4% \/ 2 );\"><div class=\"fusion-layout-column fusion_builder_column fusion-builder-column-0 fusion_builder_column_1_1 1_1 fusion-flex-column\" style=\"--awb-bg-size:cover;--awb-width-large:100%;--awb-margin-top-large:0px;--awb-spacing-right-large:1.92%;--awb-margin-bottom-large:0px;--awb-spacing-left-large:1.92%;--awb-width-medium:100%;--awb-spacing-right-medium:1.92%;--awb-spacing-left-medium:1.92%;--awb-width-small:100%;--awb-spacing-right-small:1.92%;--awb-spacing-left-small:1.92%;\"><div class=\"fusion-column-wrapper fusion-flex-justify-content-flex-start fusion-content-layout-column\"><div class=\"fusion-text fusion-text-1\"><div class=\"pricePlaceholder\">Montant du bien pr\u00e9c\u00e9dement observ\u00e9: <span class=\"price-value\">0<\/span> \u20ac<\/div>\n<p><div class='cyberpretCalculettes'>\r\n<iframe src='https:\/\/www.cyberpret.com\/iframe-calculatrices\/calculatrice-credit-immobilier.php?fromMobile=1&amp;localization=fr&amp;devise=euro&amp;couleurLien=%23a8144f&amp;couleurLienHover=%23a82b5d&amp;couleurH2=%23a8144f&url_site=http%3A%2F%2Fcabinet-gide.fr%2Findex.php%2Fwp-json%2Fwp%2Fv2%2Fpages%2F47&wp_plugin=1' scrolling='auto' frameborder='0' seamless style='width: 100%; height: 975px; margin: 0 auto 20px auto; overflow: hidden; border-radius:6px;' name='iframeCyberpretImmo'><\/iframe>\r\n<\/div>\r\n\n<div class='cyberpretCalculettes'>\r\n<iframe src='https:\/\/www.cyberpret.com\/iframe-calculatrices\/calculatrice-capacite-pret-immobilier.php?fromMobile=1&amp;localization=fr&amp;devise=euro&amp;couleurLien=%23a8144f&amp;couleurLienHover=%23a82b5d&amp;couleurH2=%23a8144f&url_site=http%3A%2F%2Fcabinet-gide.fr%2Findex.php%2Fwp-json%2Fwp%2Fv2%2Fpages%2F47&wp_plugin=1' scrolling='auto' frameborder='0' seamless style='width: 100%; height: 1080px; margin: 0 auto 20px auto; overflow: hidden; border-radius:6px;' name='iframeCyberpretCapacite'><\/iframe>\r\n<\/div>\r\n\n<div class='cyberpretCalculettes'>\r\n<iframe src='https:\/\/www.cyberpret.com\/iframe-calculatrices\/calculatrice-frais-notaire.php?fromMobile=1&amp;localization=fr&amp;devise=euro&amp;couleurLien=%23a8144f&amp;couleurLienHover=%23a82b5d&amp;couleurH2=%23a8144f&url_site=http%3A%2F%2Fcabinet-gide.fr%2Findex.php%2Fwp-json%2Fwp%2Fv2%2Fpages%2F47&wp_plugin=1' scrolling='auto' frameborder='0' seamless style='width: 100%; height: 500px; margin: 0 auto 20px auto; overflow: hidden; border-radius:6px;' name='iframeCyberpretNotaire'><\/iframe>\r\n<\/div>\r\n\n<div class='cyberpretCalculettes'>\r\n<iframe src='https:\/\/www.cyberpret.com\/iframe-calculatrices\/calculatrice-pret-taux-zero-plus.php?fromMobile=1&amp;localization=fr&amp;devise=euro&amp;couleurLien=%23a8144f&amp;couleurLienHover=%23a82b5d&amp;couleurH2=%23a8144f&url_site=http%3A%2F%2Fcabinet-gide.fr%2Findex.php%2Fwp-json%2Fwp%2Fv2%2Fpages%2F47&wp_plugin=1' scrolling='auto' frameborder='0' seamless style='width: 100%; height: 750px; margin: 0 auto 20px auto; overflow: hidden; border-radius:6px;' name='iframeCyberpretPtz'><\/iframe>\r\n<\/div>\r\n\n<div class='cyberpretCalculettes'>\r\n<iframe src='https:\/\/www.cyberpret.com\/iframe-calculatrices\/calculatrice-caution-credit-logement.php?fromMobile=1&amp;localization=fr&amp;devise=euro&amp;couleurLien=%23a8144f&amp;couleurLienHover=%23a82b5d&amp;couleurH2=%23a8144f&url_site=http%3A%2F%2Fcabinet-gide.fr%2Findex.php%2Fwp-json%2Fwp%2Fv2%2Fpages%2F47&wp_plugin=1' scrolling='auto' frameborder='0' seamless style='width: 100%; height: 900px; margin: 0 auto 20px auto; overflow: hidden; border-radius:6px;' name='iframeCyberpretCCL'><\/iframe>\r\n<\/div>\r\n\n<div class='cyberpretCalculettes'>\r\n<iframe src='https:\/\/www.cyberpret.com\/iframe-calculatrices\/calculatrice-pret-in-fine.php?fromMobile=1&amp;localization=fr&amp;devise=euro&amp;couleurLien=%23a8144f&amp;couleurLienHover=%23a82b5d&amp;couleurH2=%23a8144f&url_site=http%3A%2F%2Fcabinet-gide.fr%2Findex.php%2Fwp-json%2Fwp%2Fv2%2Fpages%2F47&wp_plugin=1' scrolling='auto' frameborder='0' seamless style='width: 100%; height: 620px; margin: 0 auto 20px auto; overflow: hidden; border-radius:6px;' name='iframeCyberpretFixeRevisable'><\/iframe>\r\n<\/div>\r\n\n<\/p>\n<\/div><\/div><\/div><\/div><\/div>\n","protected":false},"excerpt":{"rendered":"","protected":false},"author":1,"featured_media":0,"parent":0,"menu_order":0,"comment_status":"closed","ping_status":"closed","template":"","meta":{"footnotes":""},"class_list":["post-47","page","type-page","status-publish","hentry"],"yoast_head":"<!-- This site is optimized with the Yoast SEO plugin v27.4 - https:\/\/yoast.com\/product\/yoast-seo-wordpress\/ -->\n<title>Calculatrice financi\u00e8re - Cabinet Gide<\/title>\n<meta name=\"robots\" content=\"index, follow, max-snippet:-1, max-image-preview:large, max-video-preview:-1\" \/>\n<link rel=\"canonical\" href=\"https:\/\/cabinet-gide.fr\/index.php\/calculatrice-financiere\/\" \/>\n<meta property=\"og:locale\" content=\"fr_FR\" \/>\n<meta property=\"og:type\" content=\"article\" \/>\n<meta property=\"og:title\" content=\"Calculatrice financi\u00e8re - Cabinet Gide\" \/>\n<meta property=\"og:url\" content=\"https:\/\/cabinet-gide.fr\/index.php\/calculatrice-financiere\/\" \/>\n<meta property=\"og:site_name\" content=\"Cabinet Gide\" \/>\n<meta property=\"article:modified_time\" content=\"2021-06-22T09:56:04+00:00\" \/>\n<meta name=\"twitter:card\" content=\"summary_large_image\" \/>\n<meta name=\"twitter:label1\" content=\"Dur\u00e9e de lecture estim\u00e9e\" \/>\n\t<meta name=\"twitter:data1\" content=\"1 minute\" \/>\n<script type=\"application\/ld+json\" class=\"yoast-schema-graph\">{\"@context\":\"https:\\\/\\\/schema.org\",\"@graph\":[{\"@type\":\"WebPage\",\"@id\":\"https:\\\/\\\/cabinet-gide.fr\\\/index.php\\\/calculatrice-financiere\\\/\",\"url\":\"https:\\\/\\\/cabinet-gide.fr\\\/index.php\\\/calculatrice-financiere\\\/\",\"name\":\"Calculatrice financi\u00e8re - Cabinet Gide\",\"isPartOf\":{\"@id\":\"https:\\\/\\\/cabinet-gide.fr\\\/#website\"},\"datePublished\":\"2021-03-27T09:27:44+00:00\",\"dateModified\":\"2021-06-22T09:56:04+00:00\",\"breadcrumb\":{\"@id\":\"https:\\\/\\\/cabinet-gide.fr\\\/index.php\\\/calculatrice-financiere\\\/#breadcrumb\"},\"inLanguage\":\"fr-FR\",\"potentialAction\":[{\"@type\":\"ReadAction\",\"target\":[\"https:\\\/\\\/cabinet-gide.fr\\\/index.php\\\/calculatrice-financiere\\\/\"]}]},{\"@type\":\"BreadcrumbList\",\"@id\":\"https:\\\/\\\/cabinet-gide.fr\\\/index.php\\\/calculatrice-financiere\\\/#breadcrumb\",\"itemListElement\":[{\"@type\":\"ListItem\",\"position\":1,\"name\":\"Home\",\"item\":\"https:\\\/\\\/cabinet-gide.fr\\\/\"},{\"@type\":\"ListItem\",\"position\":2,\"name\":\"Calculatrice financi\u00e8re\"}]},{\"@type\":\"WebSite\",\"@id\":\"https:\\\/\\\/cabinet-gide.fr\\\/#website\",\"url\":\"https:\\\/\\\/cabinet-gide.fr\\\/\",\"name\":\"Cabinet Gide\",\"description\":\"le cabinet Gide vous accompagne dans la gestion et dans la transaction de vos biens immobiliers\",\"publisher\":{\"@id\":\"https:\\\/\\\/cabinet-gide.fr\\\/#organization\"},\"potentialAction\":[{\"@type\":\"SearchAction\",\"target\":{\"@type\":\"EntryPoint\",\"urlTemplate\":\"https:\\\/\\\/cabinet-gide.fr\\\/?s={search_term_string}\"},\"query-input\":{\"@type\":\"PropertyValueSpecification\",\"valueRequired\":true,\"valueName\":\"search_term_string\"}}],\"inLanguage\":\"fr-FR\"},{\"@type\":\"Organization\",\"@id\":\"https:\\\/\\\/cabinet-gide.fr\\\/#organization\",\"name\":\"Gide Gestion immobili\u00e8re de l'Est\",\"url\":\"https:\\\/\\\/cabinet-gide.fr\\\/\",\"logo\":{\"@type\":\"ImageObject\",\"inLanguage\":\"fr-FR\",\"@id\":\"https:\\\/\\\/cabinet-gide.fr\\\/#\\\/schema\\\/logo\\\/image\\\/\",\"url\":\"https:\\\/\\\/cabinet-gide.fr\\\/wp-content\\\/uploads\\\/2021\\\/06\\\/logo_rvb_horizontal-200.png\",\"contentUrl\":\"https:\\\/\\\/cabinet-gide.fr\\\/wp-content\\\/uploads\\\/2021\\\/06\\\/logo_rvb_horizontal-200.png\",\"width\":200,\"height\":59,\"caption\":\"Gide Gestion immobili\u00e8re de l'Est\"},\"image\":{\"@id\":\"https:\\\/\\\/cabinet-gide.fr\\\/#\\\/schema\\\/logo\\\/image\\\/\"}}]}<\/script>\n<!-- \/ Yoast SEO plugin. -->","yoast_head_json":{"title":"Calculatrice financi\u00e8re - Cabinet Gide","robots":{"index":"index","follow":"follow","max-snippet":"max-snippet:-1","max-image-preview":"max-image-preview:large","max-video-preview":"max-video-preview:-1"},"canonical":"https:\/\/cabinet-gide.fr\/index.php\/calculatrice-financiere\/","og_locale":"fr_FR","og_type":"article","og_title":"Calculatrice financi\u00e8re - Cabinet Gide","og_url":"https:\/\/cabinet-gide.fr\/index.php\/calculatrice-financiere\/","og_site_name":"Cabinet Gide","article_modified_time":"2021-06-22T09:56:04+00:00","twitter_card":"summary_large_image","twitter_misc":{"Dur\u00e9e de lecture estim\u00e9e":"1 minute"},"schema":{"@context":"https:\/\/schema.org","@graph":[{"@type":"WebPage","@id":"https:\/\/cabinet-gide.fr\/index.php\/calculatrice-financiere\/","url":"https:\/\/cabinet-gide.fr\/index.php\/calculatrice-financiere\/","name":"Calculatrice financi\u00e8re - Cabinet Gide","isPartOf":{"@id":"https:\/\/cabinet-gide.fr\/#website"},"datePublished":"2021-03-27T09:27:44+00:00","dateModified":"2021-06-22T09:56:04+00:00","breadcrumb":{"@id":"https:\/\/cabinet-gide.fr\/index.php\/calculatrice-financiere\/#breadcrumb"},"inLanguage":"fr-FR","potentialAction":[{"@type":"ReadAction","target":["https:\/\/cabinet-gide.fr\/index.php\/calculatrice-financiere\/"]}]},{"@type":"BreadcrumbList","@id":"https:\/\/cabinet-gide.fr\/index.php\/calculatrice-financiere\/#breadcrumb","itemListElement":[{"@type":"ListItem","position":1,"name":"Home","item":"https:\/\/cabinet-gide.fr\/"},{"@type":"ListItem","position":2,"name":"Calculatrice financi\u00e8re"}]},{"@type":"WebSite","@id":"https:\/\/cabinet-gide.fr\/#website","url":"https:\/\/cabinet-gide.fr\/","name":"Cabinet Gide","description":"le cabinet Gide vous accompagne dans la gestion et dans la transaction de vos biens immobiliers","publisher":{"@id":"https:\/\/cabinet-gide.fr\/#organization"},"potentialAction":[{"@type":"SearchAction","target":{"@type":"EntryPoint","urlTemplate":"https:\/\/cabinet-gide.fr\/?s={search_term_string}"},"query-input":{"@type":"PropertyValueSpecification","valueRequired":true,"valueName":"search_term_string"}}],"inLanguage":"fr-FR"},{"@type":"Organization","@id":"https:\/\/cabinet-gide.fr\/#organization","name":"Gide Gestion immobili\u00e8re de l'Est","url":"https:\/\/cabinet-gide.fr\/","logo":{"@type":"ImageObject","inLanguage":"fr-FR","@id":"https:\/\/cabinet-gide.fr\/#\/schema\/logo\/image\/","url":"https:\/\/cabinet-gide.fr\/wp-content\/uploads\/2021\/06\/logo_rvb_horizontal-200.png","contentUrl":"https:\/\/cabinet-gide.fr\/wp-content\/uploads\/2021\/06\/logo_rvb_horizontal-200.png","width":200,"height":59,"caption":"Gide Gestion immobili\u00e8re de l'Est"},"image":{"@id":"https:\/\/cabinet-gide.fr\/#\/schema\/logo\/image\/"}}]}},"_links":{"self":[{"href":"https:\/\/cabinet-gide.fr\/index.php\/wp-json\/wp\/v2\/pages\/47","targetHints":{"allow":["GET"]}}],"collection":[{"href":"https:\/\/cabinet-gide.fr\/index.php\/wp-json\/wp\/v2\/pages"}],"about":[{"href":"https:\/\/cabinet-gide.fr\/index.php\/wp-json\/wp\/v2\/types\/page"}],"author":[{"embeddable":true,"href":"https:\/\/cabinet-gide.fr\/index.php\/wp-json\/wp\/v2\/users\/1"}],"replies":[{"embeddable":true,"href":"https:\/\/cabinet-gide.fr\/index.php\/wp-json\/wp\/v2\/comments?post=47"}],"version-history":[{"count":7,"href":"https:\/\/cabinet-gide.fr\/index.php\/wp-json\/wp\/v2\/pages\/47\/revisions"}],"predecessor-version":[{"id":1305,"href":"https:\/\/cabinet-gide.fr\/index.php\/wp-json\/wp\/v2\/pages\/47\/revisions\/1305"}],"wp:attachment":[{"href":"https:\/\/cabinet-gide.fr\/index.php\/wp-json\/wp\/v2\/media?parent=47"}],"curies":[{"name":"wp","href":"https:\/\/api.w.org\/{rel}","templated":true}]}}